{"id":24842,"date":"2024-07-24T09:27:19","date_gmt":"2024-07-24T09:27:19","guid":{"rendered":"https:\/\/homepotpath-phase2.site.findly.com\/opt-out\/"},"modified":"2024-11-06T11:25:09","modified_gmt":"2024-11-06T11:25:09","slug":"opt-out","status":"publish","type":"page","link":"https:\/\/www.pathtopro.com\/es\/opt-out\/","title":{"rendered":"Opt Out"},"content":{"rendered":"<p><div class=\"fusion-fullwidth fullwidth-box fusion-builder-row-1 fusion-flex-container has-pattern-background has-mask-background nonhundred-percent-fullwidth non-hundred-percent-height-scrolling\" style=\"--awb-border-radius-top-left:0px;--awb-border-radius-top-right:0px;--awb-border-radius-bottom-right:0px;--awb-border-radius-bottom-left:0px;--awb-padding-top:80px;--awb-padding-bottom:0px;--awb-padding-right-medium:30px;--awb-padding-left-medium:30px;--awb-padding-right-small:20px;--awb-padding-bottom-small:0px;--awb-padding-left-small:20px;--awb-flex-wrap:wrap;\" aria-label=\"\" role=\"\" ><div class=\"fusion-builder-row fusion-row fusion-flex-align-items-flex-start fusion-flex-content-wrap\" style=\"max-width:1189.76px;margin-left: calc(-4% \/ 2 );margin-right: calc(-4% \/ 2 );\"><div class=\"fusion-layout-column fusion_builder_column fusion-builder-column-0 fusion_builder_column_1_1 1_1 fusion-flex-column\" style=\"--awb-bg-size:cover;--awb-width-large:100%;--awb-margin-top-large:0px;--awb-spacing-right-large:0px;--awb-margin-bottom-large:0px;--awb-spacing-left-large:0px;--awb-width-medium:100%;--awb-order-medium:0;--awb-spacing-right-medium:1.92%;--awb-spacing-left-medium:1.92%;--awb-width-small:100%;--awb-order-small:0;--awb-spacing-right-small:1.92%;--awb-spacing-left-small:1.92%;\" data-scroll-devices=\"small-visibility,medium-visibility,large-visibility\"><div class=\"fusion-column-wrapper fusion-column-has-shadow fusion-flex-justify-content-flex-start fusion-content-layout-column\"><div class=\"fusion-title title fusion-title-1 fusion-sep-none fusion-title-text fusion-title-size-one\" style=\"--awb-text-color:var(--awb-custom_color_4);\" id=\"tab-label\"><h1 class=\"fusion-title-heading title-heading-left\" style=\"margin:0;line-height:1.2;\">EJERCICIA TU DERECHOS DE PRIVACIDAD<\/h1><\/div><\/div><\/div><\/div><\/div><div class=\"fusion-fullwidth fullwidth-box fusion-builder-row-2 fusion-flex-container has-pattern-background has-mask-background nonhundred-percent-fullwidth non-hundred-percent-height-scrolling\" style=\"--awb-border-radius-top-left:0px;--awb-border-radius-top-right:0px;--awb-border-radius-bottom-right:0px;--awb-border-radius-bottom-left:0px;--awb-padding-top:0px;--awb-padding-bottom:30px;--awb-padding-right-medium:30px;--awb-padding-left-medium:30px;--awb-padding-right-small:20px;--awb-padding-bottom-small:0px;--awb-padding-left-small:20px;--awb-margin-top:0px;--awb-margin-bottom:30px;--awb-margin-bottom-small:0px;--awb-flex-wrap:wrap;\" aria-label=\"\" role=\"\" ><div class=\"fusion-builder-row fusion-row fusion-flex-align-items-flex-start fusion-flex-justify-content-space-between fusion-flex-content-wrap\" style=\"max-width:1189.76px;margin-left: calc(-4% \/ 2 );margin-right: calc(-4% \/ 2 );\"><div class=\"fusion-layout-column fusion_builder_column fusion-builder-column-1 fusion_builder_column_1_1 1_1 fusion-flex-column\" style=\"--awb-padding-top-small:20px;--awb-padding-right-small:0px;--awb-padding-bottom-small:20px;--awb-padding-left-small:0px;--awb-bg-size:cover;--awb-width-large:100%;--awb-margin-top-large:0px;--awb-spacing-right-large:0px;--awb-margin-bottom-large:0px;--awb-spacing-left-large:0px;--awb-width-medium:100%;--awb-order-medium:0;--awb-spacing-right-medium:0px;--awb-spacing-left-medium:0px;--awb-width-small:100%;--awb-order-small:0;--awb-spacing-right-small:0px;--awb-spacing-left-small:0px;\" data-scroll-devices=\"small-visibility,medium-visibility,large-visibility\"><div class=\"fusion-column-wrapper fusion-column-has-shadow fusion-flex-justify-content-flex-start fusion-content-layout-column\"><div class=\"fusion-text fusion-text-1 home-foot-para\" style=\"--awb-font-size:16px;--awb-line-height:20px;--awb-letter-spacing:0px;--awb-text-color:#272727;\"><p>Puedes obtener m\u00e1s informaci\u00f3n sobre c\u00f3mo Pathtopro.com utiliza la informaci\u00f3n personal que recopilamos en la <a href=\"https:\/\/www.homedepot.com\/privacy\/privacy-and-security-statement\" target=\"_blank\" rel=\"noopener\" aria-label=\"Declaraci\u00f3n de privacidad y seguridad de The Home Depot Open in new tab\">Declaraci\u00f3n de privacidad y seguridad de The Home Depot<\/a><\/p> <p>Haz clic en el bot\u00f3n m\u00e1s abajo para enviar tu solicitud.<\/p> <\/div><div class=\"fusion-title title fusion-title-2 fusion-sep-none fusion-title-text fusion-title-size-two pb-30\" style=\"--awb-text-color:#272727;--awb-margin-bottom:0px;--awb-margin-bottom-small:0px;\"><h2 class=\"fusion-title-heading title-heading-left\" style=\"font-family:&quot;HelveticaNeueLTProbold&quot;;font-style:normal;font-weight:400;margin:0;\">TUS DERECHOS<\/h2><\/div><div class=\"fusion-text fusion-text-2 home-foot-para\" style=\"--awb-font-size:16px;--awb-line-height:20px;--awb-letter-spacing:0px;--awb-text-color:#272727;\"><p>Puedes solicitar que no vendamos la informaci\u00f3n personal que recopilemos sobre ti y que no revelemos ni utilicemos informaci\u00f3n personal para apoyar la publicidad dirigida en sitios por Internet y aplicaciones no afiliadas o con marcas diferentes.<\/p> <\/div><div class=\"fusion-title title fusion-title-3 fusion-sep-none fusion-title-text fusion-title-size-three pb-30 mfs-26\" style=\"--awb-text-color:#272727;--awb-margin-bottom:0px;--awb-margin-bottom-small:0px;--awb-font-size:32px;\"><h3 class=\"fusion-title-heading title-heading-left\" style=\"font-family:&quot;HelveticaNeueLTProbold&quot;;font-style:normal;font-weight:400;margin:0;font-size:1em;line-height:30px;\">NOTA IMPORTANTE SOBRE LAS SOLICITUDES DE EXCLUSI\u00d3N DE VENTAS Y USOS COMPARTIDOS PARA PUBLICIDAD DIRIGIDA<\/h3><\/div><div class=\"fusion-text fusion-text-3 home-foot-para\" style=\"--awb-font-size:16px;--awb-line-height:20px;--awb-letter-spacing:0px;--awb-text-color:#272727;\"><p>Cuando visitas nuestro sitio por Internet, utilizamos cookies y herramientas similares para revelar autom\u00e1ticamente cierta informaci\u00f3n personal, de forma que no te identifique directamente, a terceros seleccionados que nos prestan servicios para ayudarnos a enriquecer tu experiencia, mejorar y ofrecer publicidad, saber c\u00f3mo utilizas el sitio por Internet y lograr los dem\u00e1s fines tratados en la secci\u00f3n \u00abNuestras herramientas de seguimiento\u00bb de nuestra Pol\u00edtica de privacidad. Algunos de esos terceros seleccionados pueden utilizar la informaci\u00f3n personal para sus propios fines o para prestar servicios a otros negocios. Esta divulgaci\u00f3n puede considerarse una \u00abventa\u00bb aunque no se intercambie dinero.<\/p> <p>El derecho a excluirse de la Publicidad dirigida es para la publicidad conductual de contexto cruzado (CCBA) o publicidad que rastrea las actividades de una persona en diferentes sitios por Internet, aplicaciones y servicios para identificar y presentar anuncios adaptados a su conducta.<\/p> <p>Si deseas excluirte de dicha venta o uso compartido, utiliza este bot\u00f3n para enviar una solicitud de exclusi\u00f3n de venta o intercambio, y colocaremos una cookie en tu navegador para impedir autom\u00e1ticamente que se produzca el intercambio cuando utilices ese navegador para visitar nuestro sitio por Internet.<\/p> <p>Debido a que utilizamos una cookie para identificar y registrar autom\u00e1ticamente tu preferencia, si desactivas las cookies en tu navegador o dispositivo, la solicitud de exclusi\u00f3n de venta o uso compartido dejar\u00e1 de funcionar. Debido a que utilizamos una cookie para identificar y registrar autom\u00e1ticamente tu preferencia, si desactivas las cookies en tu navegador o dispositivo, la solicitud de exclusi\u00f3n de venta o uso compartido dejar\u00e1 de funcionar. Es posible que no te reconozcamos cuando utilices otros navegadores o dispositivos para visitar nuestro sitio por Internet. Por lo tanto, tendr\u00e1s que enviar una solicitud de Exclusi\u00f3n de venta o uso compartido por separado en cada dispositivo y navegador que utilices para visitar nuestro sitio por Internet. Si visitas el sitio por Internet homedepot.com u otros sitios por Internet de afiliados o socios de The Home Depot con un nombre de dominio distinto de pathtopro.com, tendr\u00e1s que enviar una solicitud de exclusi\u00f3n en esos dominios para que se reconozca tu solicitud de exclusi\u00f3n. Para m\u00e1s informaci\u00f3n sobre nuestras herramientas de seguimiento y c\u00f3mo controlarlas, haz clic en <a href=\"https:\/\/www.homedepot.com\/privacy\/privacy-and-security-statement#TrackingTools\" target=\"_blank\" rel=\"noopener\" aria-label=\"Para m\u00e1s informaci\u00f3n Open in new tab\">aqu\u00ed<\/a><\/p> <p>Despu\u00e9s de enviar una solicitud de exclusi\u00f3n de la venta, es posible que sigas viendo publicidad relativa a nuestros productos y servicios. Y parte de esa publicidad puede ser suministrada por terceros o aparecer en sitios o servicios de terceros. Esta publicidad puede ser publicidad de audiencia general o puede ser proporcionada por proveedores de servicios de forma que no implique la venta de tu informaci\u00f3n personal.<\/p> <p>Cuando env\u00edes tu solicitud de Exclusi\u00f3n de venta o uso compartido utilizando el bot\u00f3n de abajo, como se indica m\u00e1s arriba, dejaremos de divulgar o compartir tu informaci\u00f3n a trav\u00e9s de las tecnolog\u00edas de seguimiento digital utilizadas en pathtopro.com. Es posible que tengas que tomar otras medidas para otros sitios por Internet, como se describe en las pol\u00edticas de privacidad de esos sitios.<\/p> <p>Una vez que env\u00edes tu solicitud, colocaremos una cookie en tu navegador para impedir autom\u00e1ticamente que se comparta cuando utilices el navegador para visitar nuestro sitio por Internet.<\/p> <p>Tambi\u00e9n reconocemos el \u00abControl Global de la Privacidad\u00bb (CGP) para permitirte excluirte de la venta de tu informaci\u00f3n personal y del uso compartido de tu informaci\u00f3n personal para publicidad dirigida en pathtopro.com. Consulta la <a href=\"https:\/\/www.homedepot.com\/privacy\/privacy-and-security-statement\" target=\"_blank\" rel=\"noopener\" aria-label=\"Declaraci\u00f3n de privacidad y seguridad de The Home Depot Open in new tab\">Declaraci\u00f3n de privacidad y seguridad de The Home Depot<\/a> para obtener m\u00e1s informaci\u00f3n sobre el uso de CGP en nuestros sitios por Internet.<\/p> <\/div><div class=\"fusion-title title fusion-title-4 fusion-sep-none fusion-title-text fusion-title-size-two pb-30\" style=\"--awb-text-color:#272727;--awb-margin-bottom:0px;--awb-margin-bottom-small:0px;\"><h2 class=\"fusion-title-heading title-heading-left\" style=\"font-family:&quot;HelveticaNeueLTProbold&quot;;font-style:normal;font-weight:400;margin:0;\">C\u00d3MO REALIZAR UNA SOLICITUD<\/h2><\/div><div class=\"fusion-text fusion-text-4 home-foot-para\" style=\"--awb-font-size:16px;--awb-line-height:20px;--awb-letter-spacing:0px;--awb-text-color:#272727;\"><p>Haz clic en el bot\u00f3n m\u00e1s abajo para excluirte.<\/p> <\/div><a class=\"fusion-modal-text-link\" data-toggle=\"modal\" data-target=\".fusion-modal.opt-out\" id=\"opt-out-cookie\" href=\"#\" role=\"button\" aria-haspopup=\"dialog\">OPTAR POR NO<\/a><div class=\"fusion-modal modal fade modal-1 opt-out\" tabindex=\"-1\" role=\"dialog\" aria-labelledby=\"modal-heading-1\" aria-hidden=\"true\" style=\"--awb-border-color:#f96302;--awb-background:var(--awb-color1);\" aria-modal=\"true\"><div class=\"modal-dialog modal-lg\" role=\"document\"><div class=\"modal-content fusion-modal-content\"><div class=\"modal-header\"><button class=\"close\" type=\"button\" data-dismiss=\"modal\" aria-hidden=\"true\" aria-label=\"Close modal pop-up window\">&times;<\/button><h1   id=\"modal-heading-1\"class=\"modal-title\">Confirmaci\u00f3n de env\u00edo<\/h3><\/div><div class=\"modal-body fusion-clearfix\">\u00a1Tu solicitud se ha enviado correctamente!<\/p> <h2 style=\"font-size: 20px; line-height: 1.2;\"><strong><em>Sobre las solicitudes de exclusi\u00f3n digital de la venta<\/em><\/strong><\/h2> <p class=\"lh-26\"><i>Cuando env\u00edas una solicitud de exclusi\u00f3n de venta, tu exclusi\u00f3n de venta digital relacionada con pathtopro.com se completa para el dispositivo y el navegador que utilizaste para enviar la solicitud. Si utilizas otros dispositivos o navegadores para visitar el sitio por Internet pathtopro.com u otros sitios por Internet de las filiales o socios de The Home Depot con un nombre de dominio diferente a pathtopro.com, tendr\u00e1s que enviar una solicitud de exclusi\u00f3n voluntaria utilizando esos dispositivos o navegadores, o en esos dominios para que reconozcan tu solicitud de exclusi\u00f3n voluntaria. Tambi\u00e9n reconocemos el \u00abControl Global de la Privacidad\u00bb (CGP) para permitirte excluirte de la venta de tu informaci\u00f3n personal y del uso compartido de tu informaci\u00f3n personal para publicidad dirigida en pathtopro.com. Para m\u00e1s informaci\u00f3n, consulta las pol\u00edticas de privacidad de The Home Depot o de las filiales o socios de The Home Depot.<\/i><\/p> <\/div><div class=\"modal-footer\"><button class=\"fusion-button button-default button-medium button default medium\" type=\"button\" data-dismiss=\"modal\">Close<\/button><\/div><\/div><\/div><\/div><\/div><\/div><\/div><\/div><\/p>\n","protected":false},"excerpt":{"rendered":"","protected":false},"author":543,"featured_media":0,"parent":0,"menu_order":0,"comment_status":"closed","ping_status":"closed","template":"100-width.php","meta":{"pgc_meta":"","footnotes":""},"class_list":["post-24842","page","type-page","status-publish","hentry"],"yoast_head":"<!-- This site is optimized with the Yoast SEO Premium plugin v23.0 (Yoast SEO v23.0) - https:\/\/yoast.com\/wordpress\/plugins\/seo\/ -->\n<title>Opt Out - Path to Pro - Prod<\/title>\n<meta name=\"robots\" content=\"index, follow, max-snippet:-1, max-image-preview:large, max-video-preview:-1\" \/>\n<link rel=\"canonical\" href=\"https:\/\/www.pathtopro.com\/es\/opt-out\/\" \/>\n<meta property=\"og:locale\" content=\"es_ES\" \/>\n<meta property=\"og:type\" content=\"article\" \/>\n<meta property=\"og:title\" content=\"Opt Out\" \/>\n<meta property=\"og:url\" content=\"https:\/\/www.pathtopro.com\/es\/opt-out\/\" \/>\n<meta property=\"og:site_name\" content=\"Path to Pro - Prod\" \/>\n<meta property=\"article:modified_time\" content=\"2024-11-06T11:25:09+00:00\" \/>\n<meta name=\"twitter:card\" content=\"summary_large_image\" \/>\n<meta name=\"twitter:label1\" content=\"Tiempo de lectura\" \/>\n\t<meta name=\"twitter:data1\" content=\"9 minutos\" \/>\n<script type=\"application\/ld+json\" class=\"yoast-schema-graph\">{\"@context\":\"https:\/\/schema.org\",\"@graph\":[{\"@type\":\"WebPage\",\"@id\":\"https:\/\/www.pathtopro.com\/es\/opt-out\/\",\"url\":\"https:\/\/www.pathtopro.com\/es\/opt-out\/\",\"name\":\"Opt Out - Path to Pro - Prod\",\"isPartOf\":{\"@id\":\"https:\/\/www.pathtopro.com\/#website\"},\"datePublished\":\"2024-07-24T09:27:19+00:00\",\"dateModified\":\"2024-11-06T11:25:09+00:00\",\"breadcrumb\":{\"@id\":\"https:\/\/www.pathtopro.com\/es\/opt-out\/#breadcrumb\"},\"inLanguage\":\"es\",\"potentialAction\":[{\"@type\":\"ReadAction\",\"target\":[\"https:\/\/www.pathtopro.com\/es\/opt-out\/\"]}]},{\"@type\":\"BreadcrumbList\",\"@id\":\"https:\/\/www.pathtopro.com\/es\/opt-out\/#breadcrumb\",\"itemListElement\":[{\"@type\":\"ListItem\",\"position\":1,\"name\":\"Home\",\"item\":\"https:\/\/www.pathtopro.com\/es\/\"},{\"@type\":\"ListItem\",\"position\":2,\"name\":\"Opt Out\"}]},{\"@type\":\"WebSite\",\"@id\":\"https:\/\/www.pathtopro.com\/#website\",\"url\":\"https:\/\/www.pathtopro.com\/\",\"name\":\"Path to Pro - Prod\",\"description\":\"Home Depot Path to Pro\",\"potentialAction\":[{\"@type\":\"SearchAction\",\"target\":{\"@type\":\"EntryPoint\",\"urlTemplate\":\"https:\/\/www.pathtopro.com\/?s={search_term_string}\"},\"query-input\":\"required name=search_term_string\"}],\"inLanguage\":\"es\"}]}<\/script>\n<!-- \/ Yoast SEO Premium plugin. -->","yoast_head_json":{"title":"Opt Out - Path to Pro - Prod","robots":{"index":"index","follow":"follow","max-snippet":"max-snippet:-1","max-image-preview":"max-image-preview:large","max-video-preview":"max-video-preview:-1"},"canonical":"https:\/\/www.pathtopro.com\/es\/opt-out\/","og_locale":"es_ES","og_type":"article","og_title":"Opt Out","og_url":"https:\/\/www.pathtopro.com\/es\/opt-out\/","og_site_name":"Path to Pro - Prod","article_modified_time":"2024-11-06T11:25:09+00:00","twitter_card":"summary_large_image","twitter_misc":{"Tiempo de lectura":"9 minutos"},"schema":{"@context":"https:\/\/schema.org","@graph":[{"@type":"WebPage","@id":"https:\/\/www.pathtopro.com\/es\/opt-out\/","url":"https:\/\/www.pathtopro.com\/es\/opt-out\/","name":"Opt Out - Path to Pro - Prod","isPartOf":{"@id":"https:\/\/www.pathtopro.com\/#website"},"datePublished":"2024-07-24T09:27:19+00:00","dateModified":"2024-11-06T11:25:09+00:00","breadcrumb":{"@id":"https:\/\/www.pathtopro.com\/es\/opt-out\/#breadcrumb"},"inLanguage":"es","potentialAction":[{"@type":"ReadAction","target":["https:\/\/www.pathtopro.com\/es\/opt-out\/"]}]},{"@type":"BreadcrumbList","@id":"https:\/\/www.pathtopro.com\/es\/opt-out\/#breadcrumb","itemListElement":[{"@type":"ListItem","position":1,"name":"Home","item":"https:\/\/www.pathtopro.com\/es\/"},{"@type":"ListItem","position":2,"name":"Opt Out"}]},{"@type":"WebSite","@id":"https:\/\/www.pathtopro.com\/#website","url":"https:\/\/www.pathtopro.com\/","name":"Path to Pro - Prod","description":"Home Depot Path to Pro","potentialAction":[{"@type":"SearchAction","target":{"@type":"EntryPoint","urlTemplate":"https:\/\/www.pathtopro.com\/?s={search_term_string}"},"query-input":"required name=search_term_string"}],"inLanguage":"es"}]}},"pgc_meta":"","_links":{"self":[{"href":"https:\/\/www.pathtopro.com\/es\/wp-json\/wp\/v2\/pages\/24842","targetHints":{"allow":["GET"]}}],"collection":[{"href":"https:\/\/www.pathtopro.com\/es\/wp-json\/wp\/v2\/pages"}],"about":[{"href":"https:\/\/www.pathtopro.com\/es\/wp-json\/wp\/v2\/types\/page"}],"author":[{"embeddable":true,"href":"https:\/\/www.pathtopro.com\/es\/wp-json\/wp\/v2\/users\/543"}],"replies":[{"embeddable":true,"href":"https:\/\/www.pathtopro.com\/es\/wp-json\/wp\/v2\/comments?post=24842"}],"version-history":[{"count":16,"href":"https:\/\/www.pathtopro.com\/es\/wp-json\/wp\/v2\/pages\/24842\/revisions"}],"predecessor-version":[{"id":26724,"href":"https:\/\/www.pathtopro.com\/es\/wp-json\/wp\/v2\/pages\/24842\/revisions\/26724"}],"wp:attachment":[{"href":"https:\/\/www.pathtopro.com\/es\/wp-json\/wp\/v2\/media?parent=24842"}],"curies":[{"name":"wp","href":"https:\/\/api.w.org\/{rel}","templated":true}]}}